{"id":1777,"date":"2024-10-23T10:27:41","date_gmt":"2024-10-23T10:27:41","guid":{"rendered":"https:\/\/aonetheme.com\/spaclubwp\/?page_id=1777"},"modified":"2025-09-17T22:13:00","modified_gmt":"2025-09-17T20:13:00","slug":"contact","status":"publish","type":"page","link":"https:\/\/hairstyling-adamcoiffeur.ch\/de\/contact\/","title":{"rendered":"Kontakt"},"content":{"rendered":"<div data-elementor-type=\"wp-page\" data-elementor-id=\"1777\" class=\"elementor elementor-1777\">\n\t\t\t\t\t\t<section class=\"elementor-section elementor-top-section elementor-element elementor-element-a244259 elementor-section-boxed elementor-section-height-default elementor-section-height-default\" data-id=\"a244259\" data-element_type=\"section\" data-settings=\"{&quot;background_background&quot;:&quot;classic&quot;}\">\n\t\t\t\t\t\t<div class=\"elementor-container elementor-column-gap-default\">\n\t\t\t\t\t<div class=\"elementor-column elementor-col-100 elementor-top-column elementor-element elementor-element-9e1df9b\" data-id=\"9e1df9b\" data-element_type=\"column\">\n\t\t\t<div class=\"elementor-widget-wrap elementor-element-populated\">\n\t\t\t\t\t\t<div class=\"elementor-element elementor-element-1f8b7ec elementor-widget elementor-widget-section-title\" data-id=\"1f8b7ec\" data-element_type=\"widget\" data-widget_type=\"section-title.default\">\n\t\t\t\t<div class=\"elementor-widget-container\">\n\t\t\t\t\t\n\t\t\t\t\t<div class=\"section-title style3\">\n\t\t\t\t\t\t\t\t\n\t\t\t\t \n\t\t\t\t\t<h3 class=\"title\">Kontakt aufnehmen<\/h3>\n\t\t\t\t\t\t\t\t\t\t\t\t \n\t\t\t\t\t<p class=\"description\">Haben Sie Fragen zu unseren Dienstleistungen, zur Farbberatung oder zu verf\u00fcgbaren Terminen?<br>\nSchreiben Sie uns oder rufen Sie an \u2013 wir helfen Ihnen, die passende Dienstleistung zu w\u00e4hlen und einen Termin zu finden, der Ihnen passt.<\/p>\n\t\t\t\t\t\t\t<\/div>\n\t\t        \t\t\t\t<\/div>\n\t\t\t\t<\/div>\n\t\t\t\t<section class=\"elementor-section elementor-inner-section elementor-element elementor-element-704201e elementor-section-boxed elementor-section-height-default elementor-section-height-default\" data-id=\"704201e\" data-element_type=\"section\" data-settings=\"{&quot;background_background&quot;:&quot;classic&quot;}\">\n\t\t\t\t\t\t<div class=\"elementor-container elementor-column-gap-default\">\n\t\t\t\t\t<div class=\"elementor-column elementor-col-50 elementor-inner-column elementor-element elementor-element-1fd78be\" data-id=\"1fd78be\" data-element_type=\"column\">\n\t\t\t<div class=\"elementor-widget-wrap elementor-element-populated\">\n\t\t\t\t\t\t<div class=\"elementor-element elementor-element-17f5a90 elementor-widget elementor-widget-iconbox\" data-id=\"17f5a90\" data-element_type=\"widget\" data-widget_type=\"iconbox.default\">\n\t\t\t\t<div class=\"elementor-widget-container\">\n\t\t\t\t\t\n\t\t\t\t<div class=\"icon-box style1\">\n\t\t\t<div class=\"icon-box-icon\">\n\t\t\t\t\t\t\t\t<div class=\"icon\">\n\t\t\t\t\t<i class=\"flaticon flaticon-phone-call\"><\/i>\n\t\t\t\t<\/div>\n\t\t\t\t\t\t\t<\/div>\n\t\t\t<div class=\"icon-box-content\">\n\t\t\t\t \n\t\t\t\t\t<h2 class=\"title\"> Rufen Sie uns an<\/h2>\n\t\t\t\t\t\t\t\t \n\t\t\t\t\t<p class=\"description\">+41 76 307 40 87<br>\n+41 41 541\u00a010\u00a033<\/p>\n\t\t\t\t\t\t\t<\/div>\n\t\t<\/div>\n\n\t\t\n\t\t\t\t\t\t<\/div>\n\t\t\t\t<\/div>\n\t\t\t\t<div class=\"elementor-element elementor-element-a0085c5 elementor-widget elementor-widget-iconbox\" data-id=\"a0085c5\" data-element_type=\"widget\" data-widget_type=\"iconbox.default\">\n\t\t\t\t<div class=\"elementor-widget-container\">\n\t\t\t\t\t\n\t\t\t\t<div class=\"icon-box style1\">\n\t\t\t<div class=\"icon-box-icon\">\n\t\t\t\t\t\t\t\t<div class=\"icon\">\n\t\t\t\t\t<i class=\"flaticon flaticon-email\"><\/i>\n\t\t\t\t<\/div>\n\t\t\t\t\t\t\t<\/div>\n\t\t\t<div class=\"icon-box-content\">\n\t\t\t\t \n\t\t\t\t\t<h2 class=\"title\"> E-Mail senden<\/h2>\n\t\t\t\t\t\t\t\t \n\t\t\t\t\t<p class=\"description\">info@adam-coiffeur.ch<\/p>\n\t\t\t\t\t\t\t<\/div>\n\t\t<\/div>\n\n\t\t\n\t\t\t\t\t\t<\/div>\n\t\t\t\t<\/div>\n\t\t\t\t<div class=\"elementor-element elementor-element-fa44dd7 elementor-widget elementor-widget-iconbox\" data-id=\"fa44dd7\" data-element_type=\"widget\" data-widget_type=\"iconbox.default\">\n\t\t\t\t<div class=\"elementor-widget-container\">\n\t\t\t\t\t\n\t\t\t\t<div class=\"icon-box style1\">\n\t\t\t<div class=\"icon-box-icon\">\n\t\t\t\t\t\t\t\t<div class=\"icon\">\n\t\t\t\t\t<i class=\"flaticon flaticon-placeholder\"><\/i>\n\t\t\t\t<\/div>\n\t\t\t\t\t\t\t<\/div>\n\t\t\t<div class=\"icon-box-content\">\n\t\t\t\t \n\t\t\t\t\t<h2 class=\"title\">Unser Standort<\/h2>\n\t\t\t\t\t\t\t\t \n\t\t\t\t\t<p class=\"description\">Marktgasse 7, 6340 Baar<\/p>\n\t\t\t\t\t\t\t<\/div>\n\t\t<\/div>\n\n\t\t\n\t\t\t\t\t\t<\/div>\n\t\t\t\t<\/div>\n\t\t\t\t\t<\/div>\n\t\t<\/div>\n\t\t\t\t<div class=\"elementor-column elementor-col-50 elementor-inner-column elementor-element elementor-element-e84827f\" data-id=\"e84827f\" data-element_type=\"column\">\n\t\t\t<div class=\"elementor-widget-wrap elementor-element-populated\">\n\t\t\t\t\t\t<div class=\"elementor-element elementor-element-05dcf07 elementor-widget elementor-widget-shortcode\" data-id=\"05dcf07\" data-element_type=\"widget\" data-widget_type=\"shortcode.default\">\n\t\t\t\t\t\t\t<div class=\"elementor-shortcode\"><div class=\"frm_forms  with_frm_style frm_style_formidable-style\" id=\"frm_form_1_container\" >\n<form enctype=\"multipart\/form-data\" method=\"post\" class=\"frm-show-form\" id=\"form_contact-form\" action=\"\" >\n<div class=\"frm_form_fields\">\n<fieldset>\n<legend class=\"frm_screen_reader\">Contact Us<\/legend>\n\n<div class=\"frm_fields_container\">\n<input type=\"hidden\" name=\"frm_action\" value=\"create\" \/>\n<input type=\"hidden\" name=\"form_id\" value=\"1\" \/>\n<input type=\"hidden\" name=\"frm_hide_fields_1\" id=\"frm_hide_fields_1\" value=\"\" \/>\n<input type=\"hidden\" name=\"form_key\" value=\"contact-form\" \/>\n<input type=\"hidden\" name=\"item_meta[0]\" value=\"\" \/>\n<input type=\"hidden\" id=\"frm_submit_entry_1\" name=\"frm_submit_entry_1\" value=\"1d92a66c6c\" \/><input type=\"hidden\" name=\"_wp_http_referer\" value=\"\/de\/wp-json\/wp\/v2\/pages\/1777\" \/><div id=\"frm_field_1_container\" class=\"frm_form_field form-field  frm_required_field frm_top_container frm12 frm_first\">\n\t<label for=\"field_qh4icy\" id=\"field_qh4icy_label\" class=\"frm_primary_label\">Name\n\t\t<span class=\"frm_required\" aria-hidden=\"true\">*<\/span>\n\t<\/label>\n\t<input type=\"text\" id=\"field_qh4icy\" name=\"item_meta[1]\" value=\"\"  data-reqmsg=\"Name cannot be blank.\" aria-required=\"true\" data-invmsg=\"Name is invalid\" aria-invalid=\"false\"  \/>\n\t\n\t\n<\/div>\n<div id=\"frm_field_3_container\" class=\"frm_form_field form-field  frm_required_field frm_top_container frm_full\">\n\t<label for=\"field_29yf4d\" id=\"field_29yf4d_label\" class=\"frm_primary_label\">E-Mail\n\t\t<span class=\"frm_required\" aria-hidden=\"true\">*<\/span>\n\t<\/label>\n\t<input type=\"email\" id=\"field_29yf4d\" name=\"item_meta[3]\" value=\"\"  data-reqmsg=\"Email cannot be blank.\" aria-required=\"true\" data-invmsg=\"Please enter a valid email address\" aria-invalid=\"false\"  \/>\n\t\n\t\n<\/div>\n<div id=\"frm_field_15_container\" class=\"frm_form_field form-field  frm_required_field frm_top_container\">\n\t<label for=\"field_glhqu\" id=\"field_glhqu_label\" class=\"frm_primary_label\">Telefon\n\t\t<span class=\"frm_required\" aria-hidden=\"true\">*<\/span>\n\t<\/label>\n\t<input type=\"tel\" id=\"field_glhqu\" name=\"item_meta[15]\" value=\"\"  data-reqmsg=\"Phone cannot be blank.\" aria-required=\"true\" data-invmsg=\"Phone is invalid\" aria-invalid=\"false\" pattern=\"((\\+\\d{1,3}(-|.| )?\\(?\\d\\)?(-| |.)?\\d{1,5})|(\\(?\\d{2,6}\\)?))(-|.| )?(\\d{3,4})(-|.| )?(\\d{4})(( x| ext)\\d{1,5}){0,1}$\"  \/>\n\t\n\t\n<\/div>\n<div id=\"frm_field_5_container\" class=\"frm_form_field form-field  frm_required_field frm_top_container frm_full\">\n\t<label for=\"field_9jv0r1\" id=\"field_9jv0r1_label\" class=\"frm_primary_label\">Message\n\t\t<span class=\"frm_required\" aria-hidden=\"true\">*<\/span>\n\t<\/label>\n\t<textarea name=\"item_meta[5]\" id=\"field_9jv0r1\" rows=\"5\"  data-reqmsg=\"Message cannot be blank.\" aria-required=\"true\" data-invmsg=\"Message is invalid\" aria-invalid=\"false\"  ><\/textarea>\n\t\n\t\n<\/div>\n<div id=\"frm_field_14_container\" class=\"frm_form_field form-field\">\n\t<div class=\"frm_submit frm_flex\">\n<button class=\"frm_button_submit\" type=\"submit\"  >Absenden<\/button>\n\n\n\n<\/div>\n<\/div>\n\t<input type=\"hidden\" name=\"item_key\" value=\"\" \/>\n\t\t\t<div id=\"frm_field_29_container\">\n\t\t\t<label for=\"field_wn1nw\" >\n\t\t\t\tIf you are human, leave this field blank.\t\t\t<\/label>\n\t\t\t<input  id=\"field_wn1nw\" type=\"text\" class=\"frm_form_field form-field frm_verify\" name=\"item_meta[29]\" value=\"\"  \/>\n\t\t<\/div>\n\t\t<input name=\"frm_state\" type=\"hidden\" value=\"CXP50jg8Vs\/MHrb7H3A17BKg\/udqJzIkOk9SxuBONQs=\" \/><\/div>\n<\/fieldset>\n<\/div>\n\n<p style=\"display: none !important;\" class=\"akismet-fields-container\" data-prefix=\"ak_\"><label>&#916;<textarea name=\"ak_hp_textarea\" cols=\"45\" rows=\"8\" maxlength=\"100\"><\/textarea><\/label><input type=\"hidden\" id=\"ak_js_1\" name=\"ak_js\" value=\"86\"\/><script>document.getElementById( \"ak_js_1\" ).setAttribute( \"value\", ( new Date() ).getTime() );<\/script><\/p><input type=\"hidden\" name=\"trp-form-language\" value=\"de\"\/><\/form>\n<\/div>\n<\/div>\n\t\t\t\t\t\t<\/div>\n\t\t\t\t\t<\/div>\n\t\t<\/div>\n\t\t\t\t\t<\/div>\n\t\t<\/section>\n\t\t\t\t\t<\/div>\n\t\t<\/div>\n\t\t\t\t\t<\/div>\n\t\t<\/section>\n\t\t\t\t<section class=\"elementor-section elementor-top-section elementor-element elementor-element-18311bb elementor-section-boxed elementor-section-height-default elementor-section-height-default\" data-id=\"18311bb\" data-element_type=\"section\" data-settings=\"{&quot;background_background&quot;:&quot;gradient&quot;}\">\n\t\t\t\t\t\t<div class=\"elementor-container elementor-column-gap-default\">\n\t\t\t\t\t<div class=\"elementor-column elementor-col-100 elementor-top-column elementor-element elementor-element-3bb5951\" data-id=\"3bb5951\" data-element_type=\"column\">\n\t\t\t<div class=\"elementor-widget-wrap elementor-element-populated\">\n\t\t\t\t\t\t<div class=\"elementor-element elementor-element-30ebcdf elementor-widget elementor-widget-google_maps\" data-id=\"30ebcdf\" data-element_type=\"widget\" data-widget_type=\"google_maps.default\">\n\t\t\t\t\t\t\t<div class=\"elementor-custom-embed\">\n\t\t\t<iframe loading=\"lazy\"\n\t\t\t\t\tsrc=\"https:\/\/maps.google.com\/maps?q=adam%20coiffeur%20Marktgasse%207%2C%206340%20Baar&#038;t=m&#038;z=16&#038;output=embed&#038;iwloc=near\"\n\t\t\t\t\ttitle=\"adam coiffeur Marktgasse 7, 6340 Baar\"\n\t\t\t\t\taria-label=\"adam coiffeur Marktgasse 7, 6340 Baar\"\n\t\t\t><\/iframe>\n\t\t<\/div>\n\t\t\t\t\t\t<\/div>\n\t\t\t\t\t<\/div>\n\t\t<\/div>\n\t\t\t\t\t<\/div>\n\t\t<\/section>\n\t\t\t\t<section class=\"elementor-section elementor-top-section elementor-element elementor-element-c760c51 elementor-section-boxed elementor-section-height-default elementor-section-height-default\" data-id=\"c760c51\" data-element_type=\"section\" data-settings=\"{&quot;background_background&quot;:&quot;gradient&quot;}\">\n\t\t\t\t\t\t<div class=\"elementor-container elementor-column-gap-default\">\n\t\t\t\t\t<div class=\"elementor-column elementor-col-100 elementor-top-column elementor-element elementor-element-5860004\" data-id=\"5860004\" data-element_type=\"column\">\n\t\t\t<div class=\"elementor-widget-wrap elementor-element-populated\">\n\t\t\t\t\t\t<div class=\"elementor-element elementor-element-38b2b1c elementor-widget elementor-widget-section-title\" data-id=\"38b2b1c\" data-element_type=\"widget\" data-widget_type=\"section-title.default\">\n\t\t\t\t<div class=\"elementor-widget-container\">\n\t\t\t\t\t\n\t\t\n\t\t\t<div class=\"section-title style1 center\">\n\t\t\t\t \n\t\t\t\t\t<h5 class=\"subtitle\">FAQ<\/h5>\n\t\t\t\t\t\t\t\t\n\t\t\t\t \n\t\t\t\t\t<h3 class=\"title\">H\u00e4ufig Gestellte Fragen<\/h3>\n\t\t\t\t\t\t\t\t\t\t\t\t\t\t\t<\/div>\n\n\t\t        \t\t\t\t<\/div>\n\t\t\t\t<\/div>\n\t\t\t\t<div class=\"elementor-element elementor-element-07c9535 elementor-widget elementor-widget-ditaccordion\" data-id=\"07c9535\" data-element_type=\"widget\" data-widget_type=\"ditaccordion.default\">\n\t\t\t\t<div class=\"elementor-widget-container\">\n\t\t\t\t\t\r\n\t\t\r\n        \t\t<ul class=\"my-accordion style5\">\r\n        \t\t\t        \t\t\t<li>\r\n        \t\t\t\t<a>Wie buche ich einen Termin online ?<\/a>\r\n        \t\t\t\t<p>W\u00e4hlen Sie Ihre gew\u00fcnschte Leistung (Damen, Herren, Jugendliche, Behandlungen), w\u00e4hlen Sie Datum und Uhrzeit und geben Sie anschlie\u00dfend Ihre Kontaktdaten ein, um die Buchung zu best\u00e4tigen. Sie erhalten eine Best\u00e4tigung per E-Mail oder SMS. Nicht sicher, welche Leistung Sie buchen sollen? Kontaktieren Sie uns \u2013 wir beraten Sie gerne.<\/p>\r\n        \t\t\t<\/li>\r\n        \t\t\t        \t\t\t<li>\r\n        \t\t\t\t<a>Nehmen Sie auch Laufkundschaft an?<\/a>\r\n        \t\t\t\t<p>Wir hei\u00dfen Laufkundschaft willkommen, sofern Termine verf\u00fcgbar sind. F\u00fcr eine garantierte Zeitbuchung empfehlen wir jedoch die Online-Reservierung \u2013 insbesondere f\u00fcr Farb-, Str\u00e4hnen- oder Keratinbehandlungen.<\/p>\r\n        \t\t\t<\/li>\r\n        \t\t\t        \t\t\t<li>\r\n        \t\t\t\t<a>Kann ich meine Buchung verschieben oder stornieren?<\/a>\r\n        \t\t\t\t<p>Ja. Sie k\u00f6nnen Ihren Termin per E-Mail \u00e4ndern oder stornieren. Bitte tun Sie dies so fr\u00fch wie m\u00f6glich (idealerweise 24 Stunden im Voraus), damit wir den Termin einem anderen Kunden anbieten k\u00f6nnen. Wenn Sie Unterst\u00fctzung ben\u00f6tigen, kontaktieren Sie uns gerne direkt im Salon.<\/p>\r\n        \t\t\t<\/li>\r\n        \t\t\t        \t\t\t<li>\r\n        \t\t\t\t<a>Haben Sie noch eine Frage?<\/a>\r\n        \t\t\t\t<p>Besuchen Sie uns in der Marktgasse 7, 6340 Baar, oder kontaktieren Sie uns telefonisch oder per E-Mail \u2013 wir helfen Ihnen gerne weiter.<\/p>\r\n        \t\t\t<\/li>\r\n        \t\t\t        \r\n        \t\t<\/ul>\r\n            \t<script>\r\n            \t\tjQuery(document).ready(function($) {\r\n            \t\t\t\"use strict\";\r\n        \r\n        \t    $('.my-accordion > li:eq(0) a').addClass('active').next().slideDown();\r\n        \r\n        \t    $('.my-accordion a').click(function() {\r\n        \t        var dropDown = $(this).closest('li').find('p');\r\n        \r\n        \t        $(this).closest('.my-accordion').find('p').not(dropDown).slideUp();\r\n        \r\n        \t        if ($(this).hasClass('active')) {\r\n        \t            $(this).removeClass('active');\r\n        \t        } else {\r\n        \t            $(this).closest('.my-accordion').find('a.active').removeClass('active');\r\n        \t            $(this).addClass('active');\r\n        \t        }\r\n        \r\n        \t        dropDown.stop(false, true).slideToggle();\r\n        \r\n        \t        j.preventDefault();\r\n        \t    });\r\n\r\n            \t\t});\r\n            \t<\/script>\r\n\t\t\t\t\t\t<\/div>\n\t\t\t\t<\/div>\n\t\t\t\t\t<\/div>\n\t\t<\/div>\n\t\t\t\t\t<\/div>\n\t\t<\/section>\n\t\t\t\t<\/div>","protected":false},"excerpt":{"rendered":"<p>Get In Touch Have a question about a service, colour advice, or available times? Send us a message or call\u2014we\u2019ll help you choose the right service and find a time that suits you. Call Us Now +41 76 307 40 87 +41 41 541\u00a010\u00a033 Sent Email info@adam-coiffeur.ch Our Location Marktgasse 7, 6340 Baar FAQ Frequently [&hellip;]<\/p>","protected":false},"author":1,"featured_media":0,"parent":0,"menu_order":0,"comment_status":"closed","ping_status":"closed","template":"page-templates\/template-default.php","meta":{"_monsterinsights_skip_tracking":false,"_monsterinsights_sitenote_active":false,"_monsterinsights_sitenote_note":"","_monsterinsights_sitenote_category":0,"footnotes":""},"class_list":["post-1777","page","type-page","status-publish","hentry"],"yoast_head":"<!-- This site is optimized with the Yoast SEO plugin v26.0 - https:\/\/yoast.com\/wordpress\/plugins\/seo\/ -->\n<title>Contact - Adam Coiffeur - Hair styling Salon<\/title>\n<meta name=\"robots\" content=\"index, follow, max-snippet:-1, max-image-preview:large, max-video-preview:-1\" \/>\n<link rel=\"canonical\" href=\"https:\/\/hairstyling-adamcoiffeur.ch\/de\/contact\/\" \/>\n<meta property=\"og:locale\" content=\"de_DE\" \/>\n<meta property=\"og:type\" content=\"article\" \/>\n<meta property=\"og:title\" content=\"Contact - Adam Coiffeur - Hair styling Salon\" \/>\n<meta property=\"og:description\" content=\"Get In Touch Have a question about a service, colour advice, or available times? Send us a message or call\u2014we\u2019ll help you choose the right service and find a time that suits you. Call Us Now +41 76 307 40 87 +41 41 541\u00a010\u00a033 Sent Email info@adam-coiffeur.ch Our Location Marktgasse 7, 6340 Baar FAQ Frequently [&hellip;]\" \/>\n<meta property=\"og:url\" content=\"https:\/\/hairstyling-adamcoiffeur.ch\/de\/contact\/\" \/>\n<meta property=\"og:site_name\" content=\"Adam Coiffeur - Hair styling Salon\" \/>\n<meta property=\"article:modified_time\" content=\"2025-09-17T20:13:00+00:00\" \/>\n<meta name=\"twitter:card\" content=\"summary_large_image\" \/>\n<meta name=\"twitter:label1\" content=\"Gesch\u00e4tzte Lesezeit\" \/>\n\t<meta name=\"twitter:data1\" content=\"1\u00a0Minute\" \/>\n<script type=\"application\/ld+json\" class=\"yoast-schema-graph\">{\"@context\":\"https:\/\/schema.org\",\"@graph\":[{\"@type\":\"WebPage\",\"@id\":\"https:\/\/hairstyling-adamcoiffeur.ch\/contact\/\",\"url\":\"https:\/\/hairstyling-adamcoiffeur.ch\/contact\/\",\"name\":\"Contact - Adam Coiffeur - Hair styling Salon\",\"isPartOf\":{\"@id\":\"https:\/\/adam-coiffeur-11ddad8.ingress-haven.ewp.live\/#website\"},\"datePublished\":\"2024-10-23T10:27:41+00:00\",\"dateModified\":\"2025-09-17T20:13:00+00:00\",\"breadcrumb\":{\"@id\":\"https:\/\/hairstyling-adamcoiffeur.ch\/contact\/#breadcrumb\"},\"inLanguage\":\"de-CH\",\"potentialAction\":[{\"@type\":\"ReadAction\",\"target\":[\"https:\/\/hairstyling-adamcoiffeur.ch\/contact\/\"]}]},{\"@type\":\"BreadcrumbList\",\"@id\":\"https:\/\/hairstyling-adamcoiffeur.ch\/contact\/#breadcrumb\",\"itemListElement\":[{\"@type\":\"ListItem\",\"position\":1,\"name\":\"Home\",\"item\":\"https:\/\/hairstyling-adamcoiffeur.ch\/\"},{\"@type\":\"ListItem\",\"position\":2,\"name\":\"Contact\"}]},{\"@type\":\"WebSite\",\"@id\":\"https:\/\/adam-coiffeur-11ddad8.ingress-haven.ewp.live\/#website\",\"url\":\"https:\/\/adam-coiffeur-11ddad8.ingress-haven.ewp.live\/\",\"name\":\"Adam Coiffeur - Hair styling Salon\",\"description\":\"\",\"potentialAction\":[{\"@type\":\"SearchAction\",\"target\":{\"@type\":\"EntryPoint\",\"urlTemplate\":\"https:\/\/adam-coiffeur-11ddad8.ingress-haven.ewp.live\/?s={search_term_string}\"},\"query-input\":{\"@type\":\"PropertyValueSpecification\",\"valueRequired\":true,\"valueName\":\"search_term_string\"}}],\"inLanguage\":\"de-CH\"}]}<\/script>\n<!-- \/ Yoast SEO plugin. -->","yoast_head_json":{"title":"Contact - Adam Coiffeur - Hair styling Salon","robots":{"index":"index","follow":"follow","max-snippet":"max-snippet:-1","max-image-preview":"max-image-preview:large","max-video-preview":"max-video-preview:-1"},"canonical":"https:\/\/hairstyling-adamcoiffeur.ch\/de\/contact\/","og_locale":"de_DE","og_type":"article","og_title":"Contact - Adam Coiffeur - Hair styling Salon","og_description":"Get In Touch Have a question about a service, colour advice, or available times? Send us a message or call\u2014we\u2019ll help you choose the right service and find a time that suits you. Call Us Now +41 76 307 40 87 +41 41 541\u00a010\u00a033 Sent Email info@adam-coiffeur.ch Our Location Marktgasse 7, 6340 Baar FAQ Frequently [&hellip;]","og_url":"https:\/\/hairstyling-adamcoiffeur.ch\/de\/contact\/","og_site_name":"Adam Coiffeur - Hair styling Salon","article_modified_time":"2025-09-17T20:13:00+00:00","twitter_card":"summary_large_image","twitter_misc":{"Gesch\u00e4tzte Lesezeit":"1\u00a0Minute"},"schema":{"@context":"https:\/\/schema.org","@graph":[{"@type":"WebPage","@id":"https:\/\/hairstyling-adamcoiffeur.ch\/contact\/","url":"https:\/\/hairstyling-adamcoiffeur.ch\/contact\/","name":"Contact - Adam Coiffeur - Hair styling Salon","isPartOf":{"@id":"https:\/\/adam-coiffeur-11ddad8.ingress-haven.ewp.live\/#website"},"datePublished":"2024-10-23T10:27:41+00:00","dateModified":"2025-09-17T20:13:00+00:00","breadcrumb":{"@id":"https:\/\/hairstyling-adamcoiffeur.ch\/contact\/#breadcrumb"},"inLanguage":"de-CH","potentialAction":[{"@type":"ReadAction","target":["https:\/\/hairstyling-adamcoiffeur.ch\/contact\/"]}]},{"@type":"BreadcrumbList","@id":"https:\/\/hairstyling-adamcoiffeur.ch\/contact\/#breadcrumb","itemListElement":[{"@type":"ListItem","position":1,"name":"Home","item":"https:\/\/hairstyling-adamcoiffeur.ch\/"},{"@type":"ListItem","position":2,"name":"Contact"}]},{"@type":"WebSite","@id":"https:\/\/adam-coiffeur-11ddad8.ingress-haven.ewp.live\/#website","url":"https:\/\/adam-coiffeur-11ddad8.ingress-haven.ewp.live\/","name":"Adam Coiffeur - Hair styling Salon","description":"","potentialAction":[{"@type":"SearchAction","target":{"@type":"EntryPoint","urlTemplate":"https:\/\/adam-coiffeur-11ddad8.ingress-haven.ewp.live\/?s={search_term_string}"},"query-input":{"@type":"PropertyValueSpecification","valueRequired":true,"valueName":"search_term_string"}}],"inLanguage":"de-CH"}]}},"_links":{"self":[{"href":"https:\/\/hairstyling-adamcoiffeur.ch\/de\/wp-json\/wp\/v2\/pages\/1777","targetHints":{"allow":["GET"]}}],"collection":[{"href":"https:\/\/hairstyling-adamcoiffeur.ch\/de\/wp-json\/wp\/v2\/pages"}],"about":[{"href":"https:\/\/hairstyling-adamcoiffeur.ch\/de\/wp-json\/wp\/v2\/types\/page"}],"author":[{"embeddable":true,"href":"https:\/\/hairstyling-adamcoiffeur.ch\/de\/wp-json\/wp\/v2\/users\/1"}],"replies":[{"embeddable":true,"href":"https:\/\/hairstyling-adamcoiffeur.ch\/de\/wp-json\/wp\/v2\/comments?post=1777"}],"version-history":[{"count":5,"href":"https:\/\/hairstyling-adamcoiffeur.ch\/de\/wp-json\/wp\/v2\/pages\/1777\/revisions"}],"predecessor-version":[{"id":7540,"href":"https:\/\/hairstyling-adamcoiffeur.ch\/de\/wp-json\/wp\/v2\/pages\/1777\/revisions\/7540"}],"wp:attachment":[{"href":"https:\/\/hairstyling-adamcoiffeur.ch\/de\/wp-json\/wp\/v2\/media?parent=1777"}],"curies":[{"name":"wp","href":"https:\/\/api.w.org\/{rel}","templated":true}]}}